{"id":647,"date":"2022-01-05T18:01:33","date_gmt":"2022-01-05T18:01:33","guid":{"rendered":"https:\/\/cubipod.ohla-group.com\/construction\/acopio\/"},"modified":"2022-01-08T19:06:47","modified_gmt":"2022-01-08T19:06:47","slug":"stockage","status":"publish","type":"page","link":"https:\/\/www.cubipod.com\/fr\/construction\/stockage\/","title":{"rendered":"Stockage"},"content":{"rendered":"\n<p>L\u2019espace n\u00e9cessaire pour le stockage des pi\u00e8ces pr\u00e9fabriqu\u00e9es d\u00e9pend de la taille de la digue, du climat maritime (arr\u00eats en hiver) et du d\u00e9lai d\u2019ex\u00e9cution de l\u2019ouvrage. Une fois que les \u00e9quipements de fabrication ont \u00e9t\u00e9 d\u00e9finis et install\u00e9s sur le site, il convient de concevoir une zone de fabrication et d\u2019entreposage des blocs pour stocker suffisamment d\u2019\u00e9l\u00e9ments et rendre ainsi le processus de fabrication ind\u00e9pendant de celui de la pose. En cons\u00e9quence, cela r\u00e9duira les engorgements logistiques ainsi que les co\u00fbts et les man\u0153uvres.<\/p>\n\n\n\n<p>La forme cubique du Cubipod permet de concevoir des parcs de stockage tr\u00e8s compacts pouvant avoir jusqu\u2019\u00e0 5 niveaux d\u2019empilement de pi\u00e8ces (les pi\u00e8ces&nbsp;<em>bulky<\/em>&nbsp;ne sont stock\u00e9es que sur 1 ou 2 niveaux). Leur nombre pourraient \u00eatre augment\u00e9 en fonction de la capacit\u00e9 de r\u00e9sistance du terrain. En r\u00e8gle g\u00e9n\u00e9rale, les syst\u00e8mes d\u2019empilement avec une porosit\u00e9 globale minimale sont pr\u00e9f\u00e9r\u00e9s. Les zones de blocs cubiques peuvent avoir une porosit\u00e9 globale de 20 % tandis que les Cubipod peuvent \u00eatre stock\u00e9s en utilisant un syst\u00e8me ferm\u00e9 avec une porosit\u00e9 de 30 % ou un syst\u00e8me ouvert avec une porosit\u00e9 de 50 %.<\/p>\n\n\n\n<p>Au d\u00e9but de l\u2019entreposage des Cubipod, apr\u00e8s avoir l\u00e9g\u00e8rement nivel\u00e9 le terrain, il suffit de creuser de petits trous pour y loger la protub\u00e9rance inf\u00e9rieure de la premi\u00e8re rang\u00e9e des Cubipod. Elle constituera ainsi la base du cube central qui sera en contact avec le terrain.<\/p>\n\n\n\n<p>Les Cubipod sont manipul\u00e9s et stock\u00e9s au moyen de pinces de levage doubles pour blocs command\u00e9es par une grue, un camion avec fl\u00e8che ou un pont mobile, selon les taux de rendement requis et la taille des pi\u00e8ces. Ce dernier moyen sera conseill\u00e9 en cas de production \u00e9lev\u00e9e, les op\u00e9rations seront ainsi plus rapides, s\u00fbres et souples.<\/p>\n","protected":false},"excerpt":{"rendered":"<p>L\u2019espace n\u00e9cessaire pour le stockage des pi\u00e8ces pr\u00e9fabriqu\u00e9es d\u00e9pend de la taille de la digue, du climat maritime (arr\u00eats en hiver) et du d\u00e9lai d\u2019ex\u00e9cution de l\u2019ouvrage. Une fois que les \u00e9quipements de fabrication ont \u00e9t\u00e9 d\u00e9finis et install\u00e9s sur [&hellip;]<\/p>\n","protected":false},"author":21,"featured_media":427,"parent":634,"menu_order":3,"comment_status":"closed","ping_status":"closed","template":"","meta":{"_acf_changed":false,"footnotes":"","_links_to":"","_links_to_target":""},"class_list":["post-647","page","type-page","status-publish","has-post-thumbnail","hentry"],"acf":[],"_links":{"self":[{"href":"https:\/\/www.cubipod.com\/fr\/wp-json\/wp\/v2\/pages\/647","targetHints":{"allow":["GET"]}}],"collection":[{"href":"https:\/\/www.cubipod.com\/fr\/wp-json\/wp\/v2\/pages"}],"about":[{"href":"https:\/\/www.cubipod.com\/fr\/wp-json\/wp\/v2\/types\/page"}],"author":[{"embeddable":true,"href":"https:\/\/www.cubipod.com\/fr\/wp-json\/wp\/v2\/users\/21"}],"replies":[{"embeddable":true,"href":"https:\/\/www.cubipod.com\/fr\/wp-json\/wp\/v2\/comments?post=647"}],"version-history":[{"count":1,"href":"https:\/\/www.cubipod.com\/fr\/wp-json\/wp\/v2\/pages\/647\/revisions"}],"predecessor-version":[{"id":650,"href":"https:\/\/www.cubipod.com\/fr\/wp-json\/wp\/v2\/pages\/647\/revisions\/650"}],"up":[{"embeddable":true,"href":"https:\/\/www.cubipod.com\/fr\/wp-json\/wp\/v2\/pages\/634"}],"wp:featuredmedia":[{"embeddable":true,"href":"https:\/\/www.cubipod.com\/fr\/wp-json\/wp\/v2\/media\/427"}],"wp:attachment":[{"href":"https:\/\/www.cubipod.com\/fr\/wp-json\/wp\/v2\/media?parent=647"}],"curies":[{"name":"wp","href":"https:\/\/api.w.org\/{rel}","templated":true}]}}