{"id":652,"date":"2022-01-05T18:07:40","date_gmt":"2022-01-05T18:07:40","guid":{"rendered":"https:\/\/cubipod.ohla-group.com\/construction\/manipulacion\/"},"modified":"2022-01-08T19:06:06","modified_gmt":"2022-01-08T19:06:06","slug":"manipulation","status":"publish","type":"page","link":"https:\/\/www.cubipod.com\/fr\/construction\/manipulation\/","title":{"rendered":"Manipulation"},"content":{"rendered":"\n<p>Les pinces de levage utilis\u00e9es pour les blocs cubiques ont \u00e9t\u00e9 adapt\u00e9es pour la manipulation de Cubipod. A l\u2019int\u00e9rieur de la zone de fabrication et de stockage, il est recommand\u00e9 d\u2019utiliser une pince de levage double pour leur manipulation. Une pince simple a \u00e9t\u00e9 con\u00e7ue pour la pose des pi\u00e8ces sur le talus.<\/p>\n\n\n\n<p>Il est pr\u00e9f\u00e9rable de manipuler les pi\u00e8ces \u00e0 l\u2019aide de ces pinces plut\u00f4t qu\u2019avec des \u00e9lingues. En effet, les op\u00e9rations manuelles de pose d\u2019\u00e9lingues ne sont pas n\u00e9cessaires et la s\u00e9curit\u00e9 physique du personnel est am\u00e9lior\u00e9e. Manipuler les pi\u00e8ces au moyen de pinces de levage est fondamental si l\u2019on veut rendre le processus de manipulation de pi\u00e8ces en b\u00e9ton de grand volume plus rapide et s\u00fbr, c\u2019est-\u00e0-dire, permettant de manipuler les pi\u00e8ces de la grue, avec moins de personnel et \u00e0 une plus grande distance.<\/p>\n","protected":false},"excerpt":{"rendered":"<p>Les pinces de levage utilis\u00e9es pour les blocs cubiques ont \u00e9t\u00e9 adapt\u00e9es pour la manipulation de Cubipod. A l\u2019int\u00e9rieur de la zone de fabrication et de stockage, il est recommand\u00e9 d\u2019utiliser une pince de levage double pour leur manipulation. Une [&hellip;]<\/p>\n","protected":false},"author":21,"featured_media":226,"parent":634,"menu_order":4,"comment_status":"closed","ping_status":"closed","template":"","meta":{"_acf_changed":false,"footnotes":"","_links_to":"","_links_to_target":""},"class_list":["post-652","page","type-page","status-publish","has-post-thumbnail","hentry"],"acf":[],"_links":{"self":[{"href":"https:\/\/www.cubipod.com\/fr\/wp-json\/wp\/v2\/pages\/652","targetHints":{"allow":["GET"]}}],"collection":[{"href":"https:\/\/www.cubipod.com\/fr\/wp-json\/wp\/v2\/pages"}],"about":[{"href":"https:\/\/www.cubipod.com\/fr\/wp-json\/wp\/v2\/types\/page"}],"author":[{"embeddable":true,"href":"https:\/\/www.cubipod.com\/fr\/wp-json\/wp\/v2\/users\/21"}],"replies":[{"embeddable":true,"href":"https:\/\/www.cubipod.com\/fr\/wp-json\/wp\/v2\/comments?post=652"}],"version-history":[{"count":1,"href":"https:\/\/www.cubipod.com\/fr\/wp-json\/wp\/v2\/pages\/652\/revisions"}],"predecessor-version":[{"id":656,"href":"https:\/\/www.cubipod.com\/fr\/wp-json\/wp\/v2\/pages\/652\/revisions\/656"}],"up":[{"embeddable":true,"href":"https:\/\/www.cubipod.com\/fr\/wp-json\/wp\/v2\/pages\/634"}],"wp:featuredmedia":[{"embeddable":true,"href":"https:\/\/www.cubipod.com\/fr\/wp-json\/wp\/v2\/media\/226"}],"wp:attachment":[{"href":"https:\/\/www.cubipod.com\/fr\/wp-json\/wp\/v2\/media?parent=652"}],"curies":[{"name":"wp","href":"https:\/\/api.w.org\/{rel}","templated":true}]}}