{"id":658,"date":"2022-01-05T18:08:56","date_gmt":"2022-01-05T18:08:56","guid":{"rendered":"https:\/\/cubipod.ohla-group.com\/construction\/transporte\/"},"modified":"2022-01-08T19:10:43","modified_gmt":"2022-01-08T19:10:43","slug":"transport","status":"publish","type":"page","link":"https:\/\/www.cubipod.com\/fr\/construction\/transport\/","title":{"rendered":"Transport"},"content":{"rendered":"\n<p>Le transport des Cubipod de la zone de stockage \u00e0 la digue en construction est tr\u00e8s simple puisque des camions plateforme, barges, etc. peuvent \u00eatre utilis\u00e9s. Pour un transport s\u00fbr, les blocs sont dispos\u00e9s sur les bases de leurs propres moules ou sur des structures simples (comme par exemple en bois ou en b\u00e9ton)\u00a0; la base du cube central du Cubipod est parfaitement soutenue malgr\u00e9 sa protub\u00e9rance inf\u00e9rieure.<\/p>\n","protected":false},"excerpt":{"rendered":"<p>Le transport des Cubipod de la zone de stockage \u00e0 la digue en construction est tr\u00e8s simple puisque des camions plateforme, barges, etc. peuvent \u00eatre utilis\u00e9s. Pour un transport s\u00fbr, les blocs sont dispos\u00e9s sur les bases de leurs propres [&hellip;]<\/p>\n","protected":false},"author":21,"featured_media":229,"parent":634,"menu_order":5,"comment_status":"closed","ping_status":"closed","template":"","meta":{"_acf_changed":false,"footnotes":"","_links_to":"","_links_to_target":""},"class_list":["post-658","page","type-page","status-publish","has-post-thumbnail","hentry"],"acf":[],"_links":{"self":[{"href":"https:\/\/www.cubipod.com\/fr\/wp-json\/wp\/v2\/pages\/658","targetHints":{"allow":["GET"]}}],"collection":[{"href":"https:\/\/www.cubipod.com\/fr\/wp-json\/wp\/v2\/pages"}],"about":[{"href":"https:\/\/www.cubipod.com\/fr\/wp-json\/wp\/v2\/types\/page"}],"author":[{"embeddable":true,"href":"https:\/\/www.cubipod.com\/fr\/wp-json\/wp\/v2\/users\/21"}],"replies":[{"embeddable":true,"href":"https:\/\/www.cubipod.com\/fr\/wp-json\/wp\/v2\/comments?post=658"}],"version-history":[{"count":1,"href":"https:\/\/www.cubipod.com\/fr\/wp-json\/wp\/v2\/pages\/658\/revisions"}],"predecessor-version":[{"id":660,"href":"https:\/\/www.cubipod.com\/fr\/wp-json\/wp\/v2\/pages\/658\/revisions\/660"}],"up":[{"embeddable":true,"href":"https:\/\/www.cubipod.com\/fr\/wp-json\/wp\/v2\/pages\/634"}],"wp:featuredmedia":[{"embeddable":true,"href":"https:\/\/www.cubipod.com\/fr\/wp-json\/wp\/v2\/media\/229"}],"wp:attachment":[{"href":"https:\/\/www.cubipod.com\/fr\/wp-json\/wp\/v2\/media?parent=658"}],"curies":[{"name":"wp","href":"https:\/\/api.w.org\/{rel}","templated":true}]}}