{"id":662,"date":"2022-01-05T18:10:32","date_gmt":"2022-01-05T18:10:32","guid":{"rendered":"https:\/\/cubipod.ohla-group.com\/construction\/colocacion\/"},"modified":"2022-01-08T19:13:12","modified_gmt":"2022-01-08T19:13:12","slug":"pose","status":"publish","type":"page","link":"https:\/\/www.cubipod.com\/fr\/construction\/pose\/","title":{"rendered":"Pose"},"content":{"rendered":"\n<p>La pose sur le site de pi\u00e8ces en b\u00e9ton de masse est en g\u00e9n\u00e9ral le processus critique de la construction des grandes digues \u00e0 talus. D\u2019une part, les mouvements, la taille des pi\u00e8ces, le transfert et la pose exigent des mesures de s\u00e9curit\u00e9 strictes. Les pinces de levage permettent d\u2019ailleurs d\u2019y parvenir. D\u2019autre part, une grande partie de la construction se fait sous l\u2019eau, sans visibilit\u00e9 et avec une certaine action de la houle et du vent sur la pi\u00e8ce accroch\u00e9e et la grue qui la soutient.<\/p>\n\n\n\n<p>Cubipod se pose de mani\u00e8re totalement al\u00e9atoire si bien que les pi\u00e8ces ne doivent pas avoir une orientation particuli\u00e8re par rapport aux pi\u00e8ces des environs, ce qui simplifie en grande mesure leur pose. Ceci n\u2019est pas le cas avec des pi\u00e8ces de type&nbsp;<em>bulky<\/em>.<\/p>\n\n\n\n<p>La pose de Cubipod est simple, seulement \u00e0 l\u2019aide de pinces de levage et d\u2019un syst\u00e8me de positionnement GPS dans la fl\u00e8che de la grue, indiquant \u00e0 l\u2019op\u00e9rateur o\u00f9 il doit placer chaque pi\u00e8ce selon un treillis de disposition \u00e9labor\u00e9 au pr\u00e9alable. D\u2019une mani\u00e8re g\u00e9n\u00e9rale, le taux de rendement de pose obtenu est de 8-12 Cubipod\/heure. Il n\u2019est pas n\u00e9cessaire de recourir \u00e0 des plongeurs ni \u00e0 une main d\u2019\u0153uvre sp\u00e9cialis\u00e9e comme pour les pi\u00e8ces de type&nbsp;<em>bulky<\/em>.&nbsp;<\/p>\n","protected":false},"excerpt":{"rendered":"<p>La pose sur le site de pi\u00e8ces en b\u00e9ton de masse est en g\u00e9n\u00e9ral le processus critique de la construction des grandes digues \u00e0 talus. D\u2019une part, les mouvements, la taille des pi\u00e8ces, le transfert et la pose exigent des [&hellip;]<\/p>\n","protected":false},"author":21,"featured_media":232,"parent":634,"menu_order":6,"comment_status":"closed","ping_status":"closed","template":"","meta":{"_acf_changed":false,"footnotes":"","_links_to":"","_links_to_target":""},"class_list":["post-662","page","type-page","status-publish","has-post-thumbnail","hentry"],"acf":[],"_links":{"self":[{"href":"https:\/\/www.cubipod.com\/fr\/wp-json\/wp\/v2\/pages\/662","targetHints":{"allow":["GET"]}}],"collection":[{"href":"https:\/\/www.cubipod.com\/fr\/wp-json\/wp\/v2\/pages"}],"about":[{"href":"https:\/\/www.cubipod.com\/fr\/wp-json\/wp\/v2\/types\/page"}],"author":[{"embeddable":true,"href":"https:\/\/www.cubipod.com\/fr\/wp-json\/wp\/v2\/users\/21"}],"replies":[{"embeddable":true,"href":"https:\/\/www.cubipod.com\/fr\/wp-json\/wp\/v2\/comments?post=662"}],"version-history":[{"count":1,"href":"https:\/\/www.cubipod.com\/fr\/wp-json\/wp\/v2\/pages\/662\/revisions"}],"predecessor-version":[{"id":664,"href":"https:\/\/www.cubipod.com\/fr\/wp-json\/wp\/v2\/pages\/662\/revisions\/664"}],"up":[{"embeddable":true,"href":"https:\/\/www.cubipod.com\/fr\/wp-json\/wp\/v2\/pages\/634"}],"wp:featuredmedia":[{"embeddable":true,"href":"https:\/\/www.cubipod.com\/fr\/wp-json\/wp\/v2\/media\/232"}],"wp:attachment":[{"href":"https:\/\/www.cubipod.com\/fr\/wp-json\/wp\/v2\/media?parent=662"}],"curies":[{"name":"wp","href":"https:\/\/api.w.org\/{rel}","templated":true}]}}