{"id":972,"date":"2022-01-19T09:01:34","date_gmt":"2022-01-19T09:01:34","guid":{"rendered":"https:\/\/cubipod.ohla-group.com\/?page_id=972"},"modified":"2022-01-26T13:50:15","modified_gmt":"2022-01-26T13:50:15","slug":"plan-web","status":"publish","type":"page","link":"https:\/\/www.cubipod.com\/fr\/plan-web\/","title":{"rendered":"Plan Web"},"content":{"rendered":"\n<div class=\"wrapper sitemap\"> \n       <ul>\n                <li class=\"level-2\">\n<a href=\"https:\/\/www.cubipod.com\/fr\/\" title=\"CUBIPOD\" target=\"_self\" rel=\"noopener\">CUBIPOD<\/a>\n                    \n\t\t\t\t\t   <ul>\n                <li class=\"level-3\">\n<a href=\"https:\/\/www.cubipod.com\/fr\/quest-ce-que-cubipod\/\" title=\"Qu'est-ce que Cubipod?\" target=\"_self\" rel=\"noopener\">Qu&rsquo;est-ce que Cubipod?<\/a>\n                    \n\t\t\t\t\t   <ul>\n                <li class=\"level-4\">\n<a href=\"https:\/\/www.cubipod.com\/fr\/quest-ce-que-cubipod\/avantages\/\" title=\"Avantages\" target=\"_self\" rel=\"noopener\">Avantages<\/a>\n                    \n\t\t\t\t\t\n                <\/li>\n                <li class=\"level-4\">\n<a href=\"https:\/\/www.cubipod.com\/fr\/quest-ce-que-cubipod\/motivation\/\" title=\"Motivation\" target=\"_self\" rel=\"noopener\">Motivation<\/a>\n                    \n\t\t\t\t\t\n                <\/li>\n                <li class=\"level-4\">\n<a href=\"https:\/\/www.cubipod.com\/fr\/quest-ce-que-cubipod\/idee-evolution-du-cube-au-cubipod\/\" title=\"ID\u00c9E: Evolution du Cube au CUBIPOD \" target=\"_self\" rel=\"noopener\">ID\u00c9E: Evolution du Cube au CUBIPOD <\/a>\n                    \n\t\t\t\t\t\n                <\/li>\n   <\/ul>\n\n                <\/li>\n                <li class=\"level-3\">\n\t\t\t\t\t        <a href=\"https:\/\/www.cubipod.com\/fr\/caracteristiques\/\">Caract&#233;ristiques<\/a>\n\n                    \n\t\t\t\t\t   <ul>\n                <li class=\"level-4\">\n<a href=\"\/\/www.cubipod.com\/fr\/caracteristiques\/robustesse-structurelle\/\" title=\"\" target=\"_self\" rel=\"noopener\">Robustesse structurelle<\/a>\n                    \n\t\t\t\t\t\n                <\/li>\n                <li class=\"level-4\">\n<a href=\"https:\/\/www.cubipod.com\/fr\/caracteristiques\/stabilite-hydraulique\/\" title=\"\" target=\"_self\" rel=\"noopener\">Stabilit\u00e9 hydraulique<\/a>\n                    \n\t\t\t\t\t\n                <\/li>\n                <li class=\"level-4\">\n<a href=\"https:\/\/www.cubipod.com\/fr\/caracteristiques\/run-up-et-franchissement\/\" title=\"Run-up et franchissement\" target=\"_self\" rel=\"noopener\">Run-up et franchissement<\/a>\n                    \n\t\t\t\t\t\n                <\/li>\n                <li class=\"level-4\">\n<a href=\"https:\/\/www.cubipod.com\/fr\/caracteristiques\/porosite-de-la-carapace\/\" title=\"Porosit\u00e9 de la carapace\" target=\"_self\" rel=\"noopener\">Porosit\u00e9 de la carapace<\/a>\n                    \n\t\t\t\t\t\n                <\/li>\n                <li class=\"level-4\">\n<a href=\"https:\/\/www.cubipod.com\/fr\/caracteristiques\/facilite-de-construction\/\" title=\"Facilit\u00e9 de construction\" target=\"_self\" rel=\"noopener\">Facilit\u00e9 de construction<\/a>\n                    \n\t\t\t\t\t\n                <\/li>\n                <li class=\"level-4\">\n<a href=\"https:\/\/www.cubipod.com\/fr\/caracteristiques\/economie\/\" title=\"\u00c9conomie\" target=\"_self\" rel=\"noopener\">\u00c9conomie<\/a>\n                    \n\t\t\t\t\t\n                <\/li>\n                <li class=\"level-4\">\n<a href=\"https:\/\/www.cubipod.com\/fr\/caracteristiques\/durabilite\/\" title=\"Durabilit\u00e9\" target=\"_self\" rel=\"noopener\">Durabilit\u00e9<\/a>\n                    \n\t\t\t\t\t\n                <\/li>\n   <\/ul>\n\n                <\/li>\n                <li class=\"level-3\">\n\t\t\t\t\t        <a href=\"https:\/\/www.cubipod.com\/fr\/essais-de-laboratoire\/\">Essais de laboratoire<\/a>\n\n                    \n\t\t\t\t\t   <ul>\n                <li class=\"level-4\">\n<a href=\"https:\/\/www.cubipod.com\/fr\/essais-de-laboratoire\/robustesse-structurelle\/\" title=\"Robustesse structurelle\" target=\"_self\" rel=\"noopener\">Robustesse structurelle<\/a>\n                    \n\t\t\t\t\t\n                <\/li>\n                <li class=\"level-4\">\n<a href=\"https:\/\/www.cubipod.com\/fr\/essais-de-laboratoire\/stabilite-hydraulique\/\" title=\"Stabilit\u00e9 hydraulique\" target=\"_self\" rel=\"noopener\">Stabilit\u00e9 hydraulique<\/a>\n                    \n\t\t\t\t\t\n                <\/li>\n                <li class=\"level-4\">\n<a href=\"https:\/\/www.cubipod.com\/fr\/essais-de-laboratoire\/placement-realiste-3d\/\" title=\"Placement r\u00e9aliste 3D\" target=\"_self\" rel=\"noopener\">Placement r\u00e9aliste 3D<\/a>\n                    \n\t\t\t\t\t\n                <\/li>\n   <\/ul>\n\n                <\/li>\n                <li class=\"level-3\">\n<a href=\"https:\/\/www.cubipod.com\/fr\/recompenses\/\" title=\"R\u00e9compenses\" target=\"_self\" rel=\"noopener\">R\u00e9compenses<\/a>\n                    \n\t\t\t\t\t\n                <\/li>\n   <\/ul>\n\n                <\/li>\n                <li class=\"level-2\">\n<a href=\"https:\/\/www.cubipod.com\/fr\/services\/\" title=\"Services\" target=\"_self\" rel=\"noopener\">Services<\/a>\n                    \n\t\t\t\t\t   <ul>\n                <li class=\"level-3\">\n<a href=\"https:\/\/www.cubipod.com\/fr\/services\/qui-sommes-nous\/\" title=\"Qui sommes-nous\" target=\"_self\" rel=\"noopener\">Qui sommes-nous<\/a>\n                    \n\t\t\t\t\t\n                <\/li>\n                <li class=\"level-3\">\n\t\t\t\t\t        <a href=\"https:\/\/www.cubipod.com\/fr\/services\/assistance-tecnique\/\">Assistance Tecnique<\/a>\n\n                    \n\t\t\t\t\t   <ul>\n                <li class=\"level-4\">\n<a href=\"https:\/\/www.cubipod.com\/fr\/services\/assistance-tecnique\/pre-conception\/\" title=\"Pr\u00e9-Conception\" target=\"_self\" rel=\"noopener\">Pr\u00e9-Conception<\/a>\n                    \n\t\t\t\t\t\n                <\/li>\n                <li class=\"level-4\">\n<a href=\"https:\/\/www.cubipod.com\/fr\/services\/assistance-tecnique\/assistance-lors-des-essais\/\" title=\"Assistance Lors Des Essais\" target=\"_self\" rel=\"noopener\">Assistance Lors Des Essais<\/a>\n                    \n\t\t\t\t\t\n                <\/li>\n                <li class=\"level-4\">\n<a href=\"https:\/\/webapp-ohlcubipodo.azurewebsites.nethttps:\/\/cubipod.ohla-group.comtitle=\"Planification des Travaux\" target=\"_self\">Planification des Travaux<\/a>\n                    \n\t\t\t\t\t\n                <\/li>\n                <li class=\"level-4\">\n<a href=\"https:\/\/www.cubipod.com\/fr\/services\/assistance-tecnique\/construction\/\" title=\"Construction\" target=\"_self\" rel=\"noopener\">Construction<\/a>\n                    \n\t\t\t\t\t\n                <\/li>\n   <\/ul>\n\n                <\/li>\n   <\/ul>\n\n                <\/li>\n                <li class=\"level-2\">\n<a href=\"https:\/\/www.cubipod.com\/fr\/conception\/\" title=\"Conception\" target=\"_self\" rel=\"noopener\">Conception<\/a>\n                    \n\t\t\t\t\t   <ul>\n                <li class=\"level-3\">\n<a href=\"https:\/\/www.cubipod.com\/fr\/conception\/conception-des-digues-\u00e0-talus\/\" title=\"Conception des Digues \u00e0 Talus\" target=\"_self\" rel=\"noopener\">Conception des Digues \u00e0 Talus<\/a>\n                    \n\t\t\t\t\t\n                <\/li>\n                <li class=\"level-3\">\n<a href=\"https:\/\/www.cubipod.com\/fr\/conception\/franchissement\/\" title=\"Franchissement\" target=\"_self\" rel=\"noopener\">Franchissement<\/a>\n                    \n\t\t\t\t\t\n                <\/li>\n                <li class=\"level-3\">\n<a href=\"https:\/\/www.cubipod.com\/fr\/conception\/forces-sur-le-mur-de-couronnement\/\" title=\"Forces sur le Mur de Couronnement\" target=\"_self\" rel=\"noopener\">Forces sur le Mur de Couronnement<\/a>\n                    \n\t\t\t\t\t\n                <\/li>\n                <li class=\"level-3\">\n<a href=\"https:\/\/www.cubipod.com\/fr\/conception\/calculatrice-de-cubipod\/\" title=\"Calculatrice de Cubipod\" target=\"_self\" rel=\"noopener\">Calculatrice de Cubipod<\/a>\n                    \n\t\t\t\t\t\n                <\/li>\n   <\/ul>\n\n                <\/li>\n                <li class=\"level-2\">\n<a href=\"\/\/www.cubipod.com\/fr\/construction\/\" title=\"Construction\" target=\"_self\" rel=\"noopener\">Construction<\/a>\n                    \n\t\t\t\t\t   <ul>\n                <li class=\"level-3\">\n<a href=\"https:\/\/www.cubipod.com\/fr\/construction\/moules\/\" title=\"Moules\" target=\"_self\" rel=\"noopener\">Moules<\/a>\n                    \n\t\t\t\t\t\n                <\/li>\n                <li class=\"level-3\">\n<a href=\"https:\/\/www.cubipod.com\/fr\/construction\/fabrication\/\" title=\"Fabrication\" target=\"_self\" rel=\"noopener\">Fabrication<\/a>\n                    \n\t\t\t\t\t\n                <\/li>\n                <li class=\"level-3\">\n<a href=\"https:\/\/www.cubipod.com\/fr\/construction\/stockage\/\" title=\"Stockage\" target=\"_self\" rel=\"noopener\">Stockage<\/a>\n                    \n\t\t\t\t\t\n                <\/li>\n                <li class=\"level-3\">\n<a href=\"\/\/www.cubipod.com\/fr\/construction\/manipulation\/\" title=\"Manipulation\" target=\"_self\" rel=\"noopener\">Manipulation<\/a>\n                    \n\t\t\t\t\t\n                <\/li>\n                <li class=\"level-3\">\n<a href=\"\/\/www.cubipod.com\/fr\/construction\/transport\/\" title=\"Transport\" target=\"_self\" rel=\"noopener\">Transport<\/a>\n                    \n\t\t\t\t\t\n                <\/li>\n                <li class=\"level-3\">\n<a href=\"https:\/\/www.cubipod.com\/fr\/construction\/pose\/\" title=\"Pose\" target=\"_self\" rel=\"noopener\">Pose<\/a>\n                    \n\t\t\t\t\t\n                <\/li>\n   <\/ul>\n\n                <\/li>\n                <li class=\"level-2\">\n<a href=\"https:\/\/www.cubipod.com\/fr\/references\/\" title=\"R\u00e9f\u00e9rences\" target=\"_self\" rel=\"noopener\">R\u00e9f\u00e9rences<\/a>\n                    \n\t\t\t\t\t   <ul>\n                <li class=\"level-3\">\n<a href=\"https:\/\/webapp-ohlcubipodo.azurewebsites.nethttps:\/\/cubipod.ohla-group.comgue de San Andr\u00e9s - Port de M\u00e1laga\" target=\"_self\" rel=\"noopener\">Digue de San Andr\u00e9s &#8211; Port de M\u00e1laga<\/a>\n                    \n\t\t\t\t\t\n                <\/li>\n                <li class=\"level-3\">\n<a href=\"\/\/www.cubipod.com\/fr\/references\/contre-digue-de-langosteira-i\/\" title=\"Contre-digue de Langosteira I\" target=\"_self\" rel=\"noopener\">Contre-digue de Langosteira I<\/a>\n                    \n\t\t\t\t\t\n                <\/li>\n                <li class=\"level-3\">\n<a href=\"\/\/www.cubipod.com\/fr\/references\/contre-digue-de-langosteira-ii\/\" title=\"Contre-digue de Langosteira II\" target=\"_self\" rel=\"noopener\">Contre-digue de Langosteira II<\/a>\n                    \n\t\t\t\t\t\n                <\/li>\n                <li class=\"level-3\">\n<a href=\"https:\/\/www.cubipod.com\/fr\/references\/contre-digue-du-bassin-de-la-esfinge\/\" title=\"Contre-digue du Bassin de La Esfinge\" target=\"_self\" rel=\"noopener\">Contre-digue du Bassin de La Esfinge<\/a>\n                    \n\t\t\t\t\t\n                <\/li>\n                <li class=\"level-3\">\n<a href=\"https:\/\/www.cubipod.com\/fr\/references\/lexpansion-du-port-de-hanstholm\/\" title=\"L'expansion du Port de Hanstholm\" target=\"_self\" rel=\"noopener\">L&rsquo;expansion du Port de Hanstholm<\/a>\n                    \n\t\t\t\t\t\n                <\/li>\n                <li class=\"level-3\">\n<a href=\"https:\/\/www.cubipod.com\/fr\/references\/digue-marina-baie-dalger\/\" title=\"Digue Marina Baie d'Alger\" target=\"_self\" rel=\"noopener\">Digue Marina Baie d&rsquo;Alger<\/a>\n                    \n\t\t\t\t\t\n                <\/li>\n                <li class=\"level-3\">\n<a href=\"\/\/www.cubipod.com\/fr\/references\/contre-digue-de-naos-lanzarote\u200b\/\" title=\"Contre - digue de Naos - Lanzarote\u200b\" target=\"_self\" rel=\"noopener\">Contre &#8211; digue de Naos &#8211; Lanzarote\u200b<\/a>\n                    \n\t\t\t\t\t\n                <\/li>\n   <\/ul>\n\n                <\/li>\n                <li class=\"level-2\">\n<a href=\"https:\/\/webapp-ohlcubipodo.azurewebsites.nethttps:\/\/cubipod.ohla-group.comelf\">Documentation<\/a>\n                    \n\t\t\t\t\t   <ul>\n                <li class=\"level-3\">\n<a href=\"\/\/www.cubipod.com\/fr\/documentation\/publications\/\" title=\"Publications\" target=\"_self\" rel=\"noopener\">Publications<\/a>\n                    \n\t\t\t\t\t\n                <\/li>\n                <li class=\"level-3\">\n<a href=\"\/\/www.cubipod.com\/fr\/documentation\/brochures\/\" title=\"Brochures\" target=\"_self\" rel=\"noopener\">Brochures<\/a>\n                    \n\t\t\t\t\t\n                <\/li>\n                <li class=\"level-3\">\n<a href=\"https:\/\/www.cubipod.com\/fr\/documentation\/manuels\/\" title=\"Manuels\" target=\"_self\" rel=\"noopener\">Manuels<\/a>\n                    \n\t\t\t\t\t\n                <\/li>\n   <\/ul>\n\n                <\/li>\n   <\/ul>\n\n<\/div>\n\n","protected":false},"excerpt":{"rendered":"<p>CUBIPOD Qu&rsquo;est-ce que Cubipod? Avantages Motivation ID\u00c9E: Evolution du Cube au CUBIPOD Caract&#233;ristiques Robustesse structurelle Stabilit\u00e9 hydraulique Run-up et franchissement Porosit\u00e9 de la carapace Facilit\u00e9 de construction \u00c9conomie Durabilit\u00e9 Essais de laboratoire Robustesse structurelle Stabilit\u00e9 hydraulique Placement r\u00e9aliste 3D R\u00e9compenses [&hellip;]<\/p>\n","protected":false},"author":25,"featured_media":0,"parent":0,"menu_order":0,"comment_status":"closed","ping_status":"closed","template":"page-webmap.php","meta":{"_acf_changed":false,"footnotes":"","_links_to":"","_links_to_target":""},"class_list":["post-972","page","type-page","status-publish","hentry"],"acf":[],"_links":{"self":[{"href":"https:\/\/www.cubipod.com\/fr\/wp-json\/wp\/v2\/pages\/972","targetHints":{"allow":["GET"]}}],"collection":[{"href":"https:\/\/www.cubipod.com\/fr\/wp-json\/wp\/v2\/pages"}],"about":[{"href":"https:\/\/www.cubipod.com\/fr\/wp-json\/wp\/v2\/types\/page"}],"author":[{"embeddable":true,"href":"https:\/\/www.cubipod.com\/fr\/wp-json\/wp\/v2\/users\/25"}],"replies":[{"embeddable":true,"href":"https:\/\/www.cubipod.com\/fr\/wp-json\/wp\/v2\/comments?post=972"}],"version-history":[{"count":4,"href":"https:\/\/www.cubipod.com\/fr\/wp-json\/wp\/v2\/pages\/972\/revisions"}],"predecessor-version":[{"id":1289,"href":"https:\/\/www.cubipod.com\/fr\/wp-json\/wp\/v2\/pages\/972\/revisions\/1289"}],"wp:attachment":[{"href":"https:\/\/www.cubipod.com\/fr\/wp-json\/wp\/v2\/media?parent=972"}],"curies":[{"name":"wp","href":"https:\/\/api.w.org\/{rel}","templated":true}]}}